{"id":1496,"date":"2022-06-24T09:50:30","date_gmt":"2022-06-24T09:50:30","guid":{"rendered":"https:\/\/ulemistefusioteraapiakliinik.ee\/teenused\/"},"modified":"2025-09-09T12:17:28","modified_gmt":"2025-09-09T12:17:28","slug":"services","status":"publish","type":"page","link":"https:\/\/ulemistefusioteraapiakliinik.ee\/en\/services\/","title":{"rendered":"Services"},"content":{"rendered":"\t\t<div data-elementor-type=\"wp-page\" data-elementor-id=\"1496\" class=\"elementor elementor-1496 elementor-316\" data-elementor-settings=\"{&quot;element_pack_global_tooltip_width&quot;:{&quot;unit&quot;:&quot;px&quot;,&quot;size&quot;:&quot;&quot;,&quot;sizes&quot;:[]},&quot;element_pack_global_tooltip_width_tablet&quot;:{&quot;unit&quot;:&quot;px&quot;,&quot;size&quot;:&quot;&quot;,&quot;sizes&quot;:[]},&quot;element_pack_global_tooltip_width_mobile&quot;:{&quot;unit&quot;:&quot;px&quot;,&quot;size&quot;:&quot;&quot;,&quot;sizes&quot;:[]},&quot;element_pack_global_tooltip_padding&quot;:{&quot;unit&quot;:&quot;px&quot;,&quot;top&quot;:&quot;&quot;,&quot;right&quot;:&quot;&quot;,&quot;bottom&quot;:&quot;&quot;,&quot;left&quot;:&quot;&quot;,&quot;isLinked&quot;:true},&quot;element_pack_global_tooltip_padding_tablet&quot;:{&quot;unit&quot;:&quot;px&quot;,&quot;top&quot;:&quot;&quot;,&quot;right&quot;:&quot;&quot;,&quot;bottom&quot;:&quot;&quot;,&quot;left&quot;:&quot;&quot;,&quot;isLinked&quot;:true},&quot;element_pack_global_tooltip_padding_mobile&quot;:{&quot;unit&quot;:&quot;px&quot;,&quot;top&quot;:&quot;&quot;,&quot;right&quot;:&quot;&quot;,&quot;bottom&quot;:&quot;&quot;,&quot;left&quot;:&quot;&quot;,&quot;isLinked&quot;:true},&quot;element_pack_global_tooltip_border_radius&quot;:{&quot;unit&quot;:&quot;px&quot;,&quot;top&quot;:&quot;&quot;,&quot;right&quot;:&quot;&quot;,&quot;bottom&quot;:&quot;&quot;,&quot;left&quot;:&quot;&quot;,&quot;isLinked&quot;:true},&quot;element_pack_global_tooltip_border_radius_tablet&quot;:{&quot;unit&quot;:&quot;px&quot;,&quot;top&quot;:&quot;&quot;,&quot;right&quot;:&quot;&quot;,&quot;bottom&quot;:&quot;&quot;,&quot;left&quot;:&quot;&quot;,&quot;isLinked&quot;:true},&quot;element_pack_global_tooltip_border_radius_mobile&quot;:{&quot;unit&quot;:&quot;px&quot;,&quot;top&quot;:&quot;&quot;,&quot;right&quot;:&quot;&quot;,&quot;bottom&quot;:&quot;&quot;,&quot;left&quot;:&quot;&quot;,&quot;isLinked&quot;:true}}\" data-elementor-post-type=\"page\">\n\t\t\t\t\t\t<div class=\"elementor-section elementor-top-section elementor-element elementor-element-17a246e bdt-motion-effect-wrapper elementor-section-content-middle elementor-section-boxed elementor-section-height-default elementor-section-height-default\" data-id=\"17a246e\" data-element_type=\"section\" data-e-type=\"section\" data-settings=\"{&quot;background_background&quot;:&quot;classic&quot;}\">\n\t\t\t\t\t\t<div class=\"elementor-container elementor-column-gap-no\">\n\t\t\t\t\t<div class=\"elementor-column elementor-col-100 elementor-top-column elementor-element elementor-element-fd88792\" data-id=\"fd88792\" data-element_type=\"column\" data-e-type=\"column\">\n\t\t\t<div class=\"elementor-widget-wrap elementor-element-populated\">\n\t\t\t\t\t\t<section class=\"elementor-section elementor-inner-section elementor-element elementor-element-a6e5aa9 elementor-section-content-middle services-section elementor-section-boxed elementor-section-height-default elementor-section-height-default\" data-id=\"a6e5aa9\" data-element_type=\"section\" data-e-type=\"section\" data-settings=\"{&quot;animation&quot;:&quot;none&quot;}\">\n\t\t\t\t\t\t<div class=\"elementor-container elementor-column-gap-default\">\n\t\t\t\t\t<div class=\"elementor-column elementor-col-50 elementor-inner-column elementor-element elementor-element-2d4d80e\" data-id=\"2d4d80e\" data-element_type=\"column\" data-e-type=\"column\">\n\t\t\t<div class=\"elementor-widget-wrap elementor-element-populated\">\n\t\t\t\t\t\t<div class=\"elementor-element elementor-element-5e98eba animated-fast elementor-widget elementor-widget-heading\" data-id=\"5e98eba\" data-element_type=\"widget\" data-e-type=\"widget\" data-settings=\"{&quot;_animation_delay&quot;:0,&quot;_animation&quot;:&quot;none&quot;}\" data-widget_type=\"heading.default\">\n\t\t\t\t<div class=\"elementor-widget-container\">\n\t\t\t\t\t<h1 class=\"elementor-heading-title elementor-size-default\">Services<\/h1>\t\t\t\t<\/div>\n\t\t\t\t<\/div>\n\t\t\t\t<div class=\"elementor-element elementor-element-91965bc elementor-widget__width-initial elementor-widget-tablet__width-initial elementor-widget-mobile__width-inherit elementor-widget elementor-widget-text-editor\" data-id=\"91965bc\" data-element_type=\"widget\" data-e-type=\"widget\" data-settings=\"{&quot;_animation&quot;:&quot;none&quot;,&quot;_animation_delay&quot;:1300}\" data-widget_type=\"text-editor.default\">\n\t\t\t\t<div class=\"elementor-widget-container\">\n\t\t\t\t\t\t\t\t\t<p>We offer physiotherapy services for a wide range of health issues, as well as <em>coaching<\/em>.<\/p>\t\t\t\t\t\t\t\t<\/div>\n\t\t\t\t<\/div>\n\t\t\t\t<div class=\"elementor-element elementor-element-972662b elementor-align-left appointment-trigger elementor-widget elementor-widget-button\" data-id=\"972662b\" data-element_type=\"widget\" data-e-type=\"widget\" data-settings=\"{&quot;_animation&quot;:&quot;none&quot;,&quot;_animation_delay&quot;:1500}\" data-widget_type=\"button.default\">\n\t\t\t\t<div class=\"elementor-widget-container\">\n\t\t\t\t\t\t\t\t\t<div class=\"elementor-button-wrapper\">\n\t\t\t\t\t<a class=\"elementor-button elementor-button-link elementor-size-sm\" href=\"https:\/\/ulemistefusioteraapiakliinik.ee\/broneeri-aeg\/\">\n\t\t\t\t\t\t<span class=\"elementor-button-content-wrapper\">\n\t\t\t\t\t\t\t\t\t<span class=\"elementor-button-text\">Book an appointment<\/span>\n\t\t\t\t\t<\/span>\n\t\t\t\t\t<\/a>\n\t\t\t\t<\/div>\n\t\t\t\t\t\t\t\t<\/div>\n\t\t\t\t<\/div>\n\t\t\t\t\t<\/div>\n\t\t<\/div>\n\t\t\t\t<div class=\"elementor-column elementor-col-50 elementor-inner-column elementor-element elementor-element-0840081\" data-id=\"0840081\" data-element_type=\"column\" data-e-type=\"column\">\n\t\t\t<div class=\"elementor-widget-wrap elementor-element-populated\">\n\t\t\t\t\t\t<div class=\"elementor-element elementor-element-aeb80b1 elementor-widget elementor-widget-image\" data-id=\"aeb80b1\" data-element_type=\"widget\" data-e-type=\"widget\" data-widget_type=\"image.default\">\n\t\t\t\t<div class=\"elementor-widget-container\">\n\t\t\t\t\t\t\t\t\t\t\t\t\t\t\t<img fetchpriority=\"high\" decoding=\"async\" width=\"1000\" height=\"667\" src=\"https:\/\/ulemistefusioteraapiakliinik.ee\/wp-content\/uploads\/2025\/05\/WEB_295_Fotograaf-Evelin-Elmest-1024x683.jpg\" class=\"attachment-large size-large wp-image-1497\" alt=\"\" srcset=\"https:\/\/ulemistefusioteraapiakliinik.ee\/wp-content\/uploads\/2025\/05\/WEB_295_Fotograaf-Evelin-Elmest-1024x683.jpg 1024w, https:\/\/ulemistefusioteraapiakliinik.ee\/wp-content\/uploads\/2025\/05\/WEB_295_Fotograaf-Evelin-Elmest-300x200.jpg 300w, https:\/\/ulemistefusioteraapiakliinik.ee\/wp-content\/uploads\/2025\/05\/WEB_295_Fotograaf-Evelin-Elmest-768x512.jpg 768w, https:\/\/ulemistefusioteraapiakliinik.ee\/wp-content\/uploads\/2025\/05\/WEB_295_Fotograaf-Evelin-Elmest-1536x1024.jpg 1536w, https:\/\/ulemistefusioteraapiakliinik.ee\/wp-content\/uploads\/2025\/05\/WEB_295_Fotograaf-Evelin-Elmest-650x433.jpg 650w, https:\/\/ulemistefusioteraapiakliinik.ee\/wp-content\/uploads\/2025\/05\/WEB_295_Fotograaf-Evelin-Elmest.jpg 2048w\" sizes=\"(max-width: 1000px) 100vw, 1000px\" \/>\t\t\t\t\t\t\t\t\t\t\t\t\t\t\t<\/div>\n\t\t\t\t<\/div>\n\t\t\t\t\t<\/div>\n\t\t<\/div>\n\t\t\t\t\t<\/div>\n\t\t<\/section>\n\t\t\t\t\t<\/div>\n\t\t<\/div>\n\t\t\t\t\t<\/div>\n\t\t<\/div>\n\t\t<div class=\"elementor-element elementor-element-62520f0 e-flex e-con-boxed e-con e-parent\" data-id=\"62520f0\" data-element_type=\"container\" data-e-type=\"container\">\n\t\t\t\t\t<div class=\"e-con-inner\">\n\t\t<div class=\"elementor-element elementor-element-3847a52 e-flex e-con-boxed e-con e-child\" data-id=\"3847a52\" data-element_type=\"container\" data-e-type=\"container\">\n\t\t\t\t\t<div class=\"e-con-inner\">\n\t\t<div class=\"elementor-element elementor-element-e7bdcbc e-con-full e-flex e-con e-child\" data-id=\"e7bdcbc\" data-element_type=\"container\" data-e-type=\"container\" data-settings=\"{&quot;background_background&quot;:&quot;classic&quot;}\">\n\t\t\t\t<div class=\"elementor-element elementor-element-8af70ca elementor-widget elementor-widget-heading\" data-id=\"8af70ca\" data-element_type=\"widget\" data-e-type=\"widget\" data-widget_type=\"heading.default\">\n\t\t\t\t<div class=\"elementor-widget-container\">\n\t\t\t\t\t<h3 class=\"elementor-heading-title elementor-size-default\">Physiotherapy for musculoskeletal problems and injuries<\/h3>\t\t\t\t<\/div>\n\t\t\t\t<\/div>\n\t\t\t\t<div class=\"elementor-element elementor-element-44dc47f elementor-widget elementor-widget-text-editor\" data-id=\"44dc47f\" data-element_type=\"widget\" data-e-type=\"widget\" data-widget_type=\"text-editor.default\">\n\t\t\t\t<div class=\"elementor-widget-container\">\n\t\t\t\t\t\t\t\t\t<p>Common musculoskeletal problems include lower back pain, muscle tension in the neck and shoulder area, or joint pain. You can also come to us for pre- and post-surgery therapy, as well as for restoring movement functions after fractures, traffic accidents, or other injuries.<\/p>\t\t\t\t\t\t\t\t<\/div>\n\t\t\t\t<\/div>\n\t\t\t\t<div class=\"elementor-element elementor-element-69cda55 elementor-widget elementor-widget-text-editor\" data-id=\"69cda55\" data-element_type=\"widget\" data-e-type=\"widget\" data-widget_type=\"text-editor.default\">\n\t\t\t\t<div class=\"elementor-widget-container\">\n\t\t\t\t\t\t\t\t\t<p><strong>Specialists:<\/strong> Artjom Timt\u0161uk, Diana Trutneva, Aarto Pihlapuu, Liisi Sagor, K\u00e4tlin Laurson, Lisette T\u00f5nutare, Ann Brit Altmets, Anna-Britt Kivim\u00e4gi, Tamara Gebenova, Ragnar Koplimaa, Anna-Maria Drobu\u017eeva, Maret M\u00fc\u00fcr<\/p>\t\t\t\t\t\t\t\t<\/div>\n\t\t\t\t<\/div>\n\t\t\t\t<\/div>\n\t\t<div class=\"elementor-element elementor-element-8ff019f e-con-full e-flex e-con e-child\" data-id=\"8ff019f\" data-element_type=\"container\" data-e-type=\"container\" data-settings=\"{&quot;background_background&quot;:&quot;classic&quot;}\">\n\t\t\t\t<div class=\"elementor-element elementor-element-6e20a06 elementor-widget elementor-widget-heading\" data-id=\"6e20a06\" data-element_type=\"widget\" data-e-type=\"widget\" data-widget_type=\"heading.default\">\n\t\t\t\t<div class=\"elementor-widget-container\">\n\t\t\t\t\t<h3 class=\"elementor-heading-title elementor-size-default\">Physiotherapy for neurological problems<\/h3>\t\t\t\t<\/div>\n\t\t\t\t<\/div>\n\t\t\t\t<div class=\"elementor-element elementor-element-92dd6ce elementor-widget elementor-widget-text-editor\" data-id=\"92dd6ce\" data-element_type=\"widget\" data-e-type=\"widget\" data-widget_type=\"text-editor.default\">\n\t\t\t\t<div class=\"elementor-widget-container\">\n\t\t\t\t\t\t\t\t\t<p>There are various complex health conditions that physiotherapists focusing on neurological problems deal with, but patients most often seek help in cases of acute nervous system diseases, such as post-stroke conditions, traumatic brain injuries, spinal cord injuries, Parkinson\u2019s disease, and others.<\/p><p>In addition to physical challenges, neurological disorders often involve psychological problems, memory issues, and difficulties with speaking or understanding speech \u2013 therefore learning different movements and activities can take more time.<\/p><p>Physiotherapists actively involve the patient in thinking and acting, helping to restore nervous system and body functions and making everyday life easier.<\/p>\t\t\t\t\t\t\t\t<\/div>\n\t\t\t\t<\/div>\n\t\t\t\t<div class=\"elementor-element elementor-element-34cf761 elementor-widget elementor-widget-text-editor\" data-id=\"34cf761\" data-element_type=\"widget\" data-e-type=\"widget\" data-widget_type=\"text-editor.default\">\n\t\t\t\t<div class=\"elementor-widget-container\">\n\t\t\t\t\t\t\t\t\t<p><strong>Specialists:<\/strong> Diana Trutneva, Liisi Sagor, Lisette T\u00f5nutare, Tamara Gebenova<\/p>\t\t\t\t\t\t\t\t<\/div>\n\t\t\t\t<\/div>\n\t\t\t\t<\/div>\n\t\t<div class=\"elementor-element elementor-element-24af69f e-con-full e-flex e-con e-child\" data-id=\"24af69f\" data-element_type=\"container\" data-e-type=\"container\" data-settings=\"{&quot;background_background&quot;:&quot;classic&quot;}\">\n\t\t\t\t<div class=\"elementor-element elementor-element-3eff1f4 elementor-widget elementor-widget-heading\" data-id=\"3eff1f4\" data-element_type=\"widget\" data-e-type=\"widget\" data-widget_type=\"heading.default\">\n\t\t\t\t<div class=\"elementor-widget-container\">\n\t\t\t\t\t<h3 class=\"elementor-heading-title elementor-size-default\">Physiotherapy for cardiopulmonary problems<\/h3>\t\t\t\t<\/div>\n\t\t\t\t<\/div>\n\t\t\t\t<div class=\"elementor-element elementor-element-6b8862e elementor-widget elementor-widget-text-editor\" data-id=\"6b8862e\" data-element_type=\"widget\" data-e-type=\"widget\" data-widget_type=\"text-editor.default\">\n\t\t\t\t<div class=\"elementor-widget-container\">\n\t\t\t\t\t\t\t\t\t<p class=\"p1\">In the case of cardiopulmonary problems such as heart and lung diseases, physiotherapy focuses primarily on training the respiratory muscles and improving cardiovascular endurance. The physiotherapist teaches breathing techniques, helps restore physical stamina, and provides exercises that enable the body to absorb oxygen more effectively and better tolerate physical exertion.<\/p>\t\t\t\t\t\t\t\t<\/div>\n\t\t\t\t<\/div>\n\t\t\t\t<div class=\"elementor-element elementor-element-3d56c0b elementor-widget elementor-widget-text-editor\" data-id=\"3d56c0b\" data-element_type=\"widget\" data-e-type=\"widget\" data-widget_type=\"text-editor.default\">\n\t\t\t\t<div class=\"elementor-widget-container\">\n\t\t\t\t\t\t\t\t\t<p><strong>Specialists:<\/strong> Diana Trutneva, Aarto Pihlapuu<\/p>\t\t\t\t\t\t\t\t<\/div>\n\t\t\t\t<\/div>\n\t\t\t\t<\/div>\n\t\t<div class=\"elementor-element elementor-element-911b246 e-con-full e-flex e-con e-child\" data-id=\"911b246\" data-element_type=\"container\" data-e-type=\"container\" data-settings=\"{&quot;background_background&quot;:&quot;classic&quot;}\">\n\t\t\t\t<div class=\"elementor-element elementor-element-5cbb42b elementor-widget elementor-widget-heading\" data-id=\"5cbb42b\" data-element_type=\"widget\" data-e-type=\"widget\" data-widget_type=\"heading.default\">\n\t\t\t\t<div class=\"elementor-widget-container\">\n\t\t\t\t\t<h3 class=\"elementor-heading-title elementor-size-default\">Physiotherapy for oncological problems<\/h3>\t\t\t\t<\/div>\n\t\t\t\t<\/div>\n\t\t\t\t<div class=\"elementor-element elementor-element-5583b13 elementor-widget elementor-widget-text-editor\" data-id=\"5583b13\" data-element_type=\"widget\" data-e-type=\"widget\" data-widget_type=\"text-editor.default\">\n\t\t\t\t<div class=\"elementor-widget-container\">\n\t\t\t\t\t\t\t\t\t<p class=\"p1\">Physiotherapy for cancer patients is used both alongside cancer treatment and after it. Physiotherapy helps to relieve side effects of treatment such as fatigue, reduced mobility, and pain, while also supporting and accelerating recovery. The physiotherapist provides exercises aimed at restoring or improving impaired functions or adapting to disabilities, helping the patient achieve the best possible quality of life.<\/p>\t\t\t\t\t\t\t\t<\/div>\n\t\t\t\t<\/div>\n\t\t\t\t<div class=\"elementor-element elementor-element-780da63 elementor-widget elementor-widget-text-editor\" data-id=\"780da63\" data-element_type=\"widget\" data-e-type=\"widget\" data-widget_type=\"text-editor.default\">\n\t\t\t\t<div class=\"elementor-widget-container\">\n\t\t\t\t\t\t\t\t\t<p><strong>Specialists:<\/strong>\u00a0 Diana Trutneva<\/p>\t\t\t\t\t\t\t\t<\/div>\n\t\t\t\t<\/div>\n\t\t\t\t<\/div>\n\t\t<div class=\"elementor-element elementor-element-b1c2ca0 e-con-full e-flex e-con e-child\" data-id=\"b1c2ca0\" data-element_type=\"container\" data-e-type=\"container\" data-settings=\"{&quot;background_background&quot;:&quot;classic&quot;}\">\n\t\t\t\t<div class=\"elementor-element elementor-element-8d24cdb elementor-widget elementor-widget-heading\" data-id=\"8d24cdb\" data-element_type=\"widget\" data-e-type=\"widget\" data-widget_type=\"heading.default\">\n\t\t\t\t<div class=\"elementor-widget-container\">\n\t\t\t\t\t<h3 class=\"elementor-heading-title elementor-size-default\">Prenatal and postnatal physiotherapy<\/h3>\t\t\t\t<\/div>\n\t\t\t\t<\/div>\n\t\t\t\t<div class=\"elementor-element elementor-element-6bedb6a elementor-widget elementor-widget-text-editor\" data-id=\"6bedb6a\" data-element_type=\"widget\" data-e-type=\"widget\" data-widget_type=\"text-editor.default\">\n\t\t\t\t<div class=\"elementor-widget-container\">\n\t\t\t\t\t\t\t\t\t<p class=\"p1\">Prenatal physiotherapy focuses on preparing the mother\u2019s body for childbirth and relieving muscle and joint discomfort that may occur during pregnancy. Postnatal physiotherapy helps the mother recover from childbirth, strengthen the pelvic floor muscles, and restore overall physical fitness.<\/p>\t\t\t\t\t\t\t\t<\/div>\n\t\t\t\t<\/div>\n\t\t\t\t<div class=\"elementor-element elementor-element-edfa21b elementor-widget elementor-widget-text-editor\" data-id=\"edfa21b\" data-element_type=\"widget\" data-e-type=\"widget\" data-widget_type=\"text-editor.default\">\n\t\t\t\t<div class=\"elementor-widget-container\">\n\t\t\t\t\t\t\t\t\t<p><strong>Specialists:<\/strong>\u00a0 Anneli Belkin, Maret M\u00fc\u00fcr, Mona Mia Lember<\/p>\t\t\t\t\t\t\t\t<\/div>\n\t\t\t\t<\/div>\n\t\t\t\t<\/div>\n\t\t<div class=\"elementor-element elementor-element-dcf0959 e-con-full e-flex e-con e-child\" data-id=\"dcf0959\" data-element_type=\"container\" data-e-type=\"container\" data-settings=\"{&quot;background_background&quot;:&quot;classic&quot;}\">\n\t\t\t\t<div class=\"elementor-element elementor-element-49706bd elementor-widget elementor-widget-heading\" data-id=\"49706bd\" data-element_type=\"widget\" data-e-type=\"widget\" data-widget_type=\"heading.default\">\n\t\t\t\t<div class=\"elementor-widget-container\">\n\t\t\t\t\t<h3 class=\"elementor-heading-title elementor-size-default\">Pelvic floor physiotherapy\n<\/h3>\t\t\t\t<\/div>\n\t\t\t\t<\/div>\n\t\t\t\t<div class=\"elementor-element elementor-element-e9aedaf elementor-widget elementor-widget-text-editor\" data-id=\"e9aedaf\" data-element_type=\"widget\" data-e-type=\"widget\" data-widget_type=\"text-editor.default\">\n\t\t\t\t<div class=\"elementor-widget-container\">\n\t\t\t\t\t\t\t\t\t<p class=\"p1\">Pelvic floor disorders can occur in both women and men of all ages. In women, symptoms include stress urinary incontinence, pelvic organ prolapse, constipation, or slow bladder emptying; in men, pelvic pain and erectile problems may occur. The physiotherapist assesses the pelvic floor and creates an individual treatment plan, which also includes a home exercise program. The therapist teaches how to use the pelvic floor muscles more consciously to control bladder and bowel function.<\/p>\t\t\t\t\t\t\t\t<\/div>\n\t\t\t\t<\/div>\n\t\t\t\t<div class=\"elementor-element elementor-element-13ba06e elementor-widget elementor-widget-text-editor\" data-id=\"13ba06e\" data-element_type=\"widget\" data-e-type=\"widget\" data-widget_type=\"text-editor.default\">\n\t\t\t\t<div class=\"elementor-widget-container\">\n\t\t\t\t\t\t\t\t\t<p><strong>Specialists:<\/strong> Anneli Belkin, Maret M\u00fc\u00fcr, Mona Mia Lember<\/p>\t\t\t\t\t\t\t\t<\/div>\n\t\t\t\t<\/div>\n\t\t\t\t<\/div>\n\t\t<div class=\"elementor-element elementor-element-2002e03 e-con-full e-flex e-con e-child\" data-id=\"2002e03\" data-element_type=\"container\" data-e-type=\"container\" data-settings=\"{&quot;background_background&quot;:&quot;classic&quot;}\">\n\t\t\t\t<div class=\"elementor-element elementor-element-65df372 elementor-widget elementor-widget-heading\" data-id=\"65df372\" data-element_type=\"widget\" data-e-type=\"widget\" data-widget_type=\"heading.default\">\n\t\t\t\t<div class=\"elementor-widget-container\">\n\t\t\t\t\t<h3 class=\"elementor-heading-title elementor-size-default\">Pediatric physiotherapy\n<\/h3>\t\t\t\t<\/div>\n\t\t\t\t<\/div>\n\t\t\t\t<div class=\"elementor-element elementor-element-b11221e elementor-widget elementor-widget-text-editor\" data-id=\"b11221e\" data-element_type=\"widget\" data-e-type=\"widget\" data-widget_type=\"text-editor.default\">\n\t\t\t\t<div class=\"elementor-widget-container\">\n\t\t\t\t\t\t\t\t\t<p class=\"p1\">A pediatric physiotherapist assesses and, if necessary, develops a child\u2019s physical abilities. The therapist can provide support, for example, in improving muscle tone and coordination or in recovery after surgery and injury. The physiotherapist designs suitable exercises that are playful and support the child\u2019s development. Different therapists specialize in working with children aged 0\u20133 and 4\u201315 years.<\/p>\t\t\t\t\t\t\t\t<\/div>\n\t\t\t\t<\/div>\n\t\t\t\t<div class=\"elementor-element elementor-element-10e8b3d elementor-widget elementor-widget-text-editor\" data-id=\"10e8b3d\" data-element_type=\"widget\" data-e-type=\"widget\" data-widget_type=\"text-editor.default\">\n\t\t\t\t<div class=\"elementor-widget-container\">\n\t\t\t\t\t\t\t\t\t<p><strong>Specialists:<\/strong> Anneli Belkin, Liisi Sagor<\/p>\t\t\t\t\t\t\t\t<\/div>\n\t\t\t\t<\/div>\n\t\t\t\t<\/div>\n\t\t<div class=\"elementor-element elementor-element-5178531 e-con-full e-flex e-con e-child\" data-id=\"5178531\" data-element_type=\"container\" data-e-type=\"container\" data-settings=\"{&quot;background_background&quot;:&quot;classic&quot;}\">\n\t\t\t\t<div class=\"elementor-element elementor-element-ec77f9a elementor-widget elementor-widget-heading\" data-id=\"ec77f9a\" data-element_type=\"widget\" data-e-type=\"widget\" data-widget_type=\"heading.default\">\n\t\t\t\t<div class=\"elementor-widget-container\">\n\t\t\t\t\t<h3 class=\"elementor-heading-title elementor-size-default\">Sports physiotherapy\n<\/h3>\t\t\t\t<\/div>\n\t\t\t\t<\/div>\n\t\t\t\t<div class=\"elementor-element elementor-element-dbcf22c elementor-widget elementor-widget-text-editor\" data-id=\"dbcf22c\" data-element_type=\"widget\" data-e-type=\"widget\" data-widget_type=\"text-editor.default\">\n\t\t\t\t<div class=\"elementor-widget-container\">\n\t\t\t\t\t\t\t\t\t<p>In the case of sports injuries, the goal of therapy is to relieve pain and restore movement function, primarily through specific exercises. Sports injuries are generally divided into two categories: traumatic injuries and overuse injuries. The physiotherapist examines the injured area, identifies the cause of the problem, and creates a treatment plan.<\/p><p>Anyone who is actively engaged in sports and seeks advice on maintaining good health can turn to a physiotherapist. We help reduce the risk of overuse and injuries and support faster recovery from health issues.<\/p>\t\t\t\t\t\t\t\t<\/div>\n\t\t\t\t<\/div>\n\t\t\t\t<div class=\"elementor-element elementor-element-5cc045d elementor-widget elementor-widget-text-editor\" data-id=\"5cc045d\" data-element_type=\"widget\" data-e-type=\"widget\" data-widget_type=\"text-editor.default\">\n\t\t\t\t<div class=\"elementor-widget-container\">\n\t\t\t\t\t\t\t\t\t<p><strong>Specialists:<\/strong> Artjom Timt\u0161uk, Diana Trutneva, Aarto Pihlapuu, Liisi Sagor, K\u00e4tlin Laurson, Lisette T\u00f5nutare, Ann Brit Altmets, Anna-Britt Kivim\u00e4gi, Tamara Gebenova, Ragnar Koplimaa, Anna-Maria Drobu\u017eeva, Maret M\u00fc\u00fcr<\/p>\t\t\t\t\t\t\t\t<\/div>\n\t\t\t\t<\/div>\n\t\t\t\t<\/div>\n\t\t<div class=\"elementor-element elementor-element-d784704 e-con-full e-flex e-con e-child\" data-id=\"d784704\" data-element_type=\"container\" data-e-type=\"container\" data-settings=\"{&quot;background_background&quot;:&quot;classic&quot;}\">\n\t\t\t\t<div class=\"elementor-element elementor-element-12dad3d elementor-widget elementor-widget-heading\" data-id=\"12dad3d\" data-element_type=\"widget\" data-e-type=\"widget\" data-widget_type=\"heading.default\">\n\t\t\t\t<div class=\"elementor-widget-container\">\n\t\t\t\t\t<h3 class=\"elementor-heading-title elementor-size-default\">Coaching<\/h3>\t\t\t\t<\/div>\n\t\t\t\t<\/div>\n\t\t\t\t<div class=\"elementor-element elementor-element-d905623 elementor-widget elementor-widget-text-editor\" data-id=\"d905623\" data-element_type=\"widget\" data-e-type=\"widget\" data-widget_type=\"text-editor.default\">\n\t\t\t\t<div class=\"elementor-widget-container\">\n\t\t\t\t\t\t\t\t\t<p class=\"p1\">While physiotherapy focuses primarily on improving the body\u2019s functions, coaching helps to organize thoughts and strengthen mental resilience. Coaching raises awareness of the connection between thoughts and emotions and, when necessary, helps to change automatic patterns. Working with a trusted coach makes it possible to create clarity in both personal and professional life, discover one\u2019s potential, achieve goals, and improve overall well-being. The coaching methodology includes listening, reflecting, and asking questions, which helps a person find answers and gain clarity in an open and non-judgmental environment.<\/p>\t\t\t\t\t\t\t\t<\/div>\n\t\t\t\t<\/div>\n\t\t\t\t<div class=\"elementor-element elementor-element-946cd8c elementor-widget elementor-widget-button\" data-id=\"946cd8c\" data-element_type=\"widget\" data-e-type=\"widget\" data-widget_type=\"button.default\">\n\t\t\t\t<div class=\"elementor-widget-container\">\n\t\t\t\t\t\t\t\t\t<div class=\"elementor-button-wrapper\">\n\t\t\t\t\t<a class=\"elementor-button elementor-button-link elementor-size-sm\" href=\"https:\/\/ulemistefusioteraapiakliinik.ee\/coaching\/\">\n\t\t\t\t\t\t<span class=\"elementor-button-content-wrapper\">\n\t\t\t\t\t\t<span class=\"elementor-button-icon\">\n\t\t\t\t<i aria-hidden=\"true\" class=\"ti ti-angle-right\"><\/i>\t\t\t<\/span>\n\t\t\t\t\t\t\t\t\t<span class=\"elementor-button-text\">Book an appointment<\/span>\n\t\t\t\t\t<\/span>\n\t\t\t\t\t<\/a>\n\t\t\t\t<\/div>\n\t\t\t\t\t\t\t\t<\/div>\n\t\t\t\t<\/div>\n\t\t\t\t<\/div>\n\t\t\t\t\t<\/div>\n\t\t\t\t<\/div>\n\t\t\t\t\t<\/div>\n\t\t\t\t<\/div>\n\t\t\t\t<\/div>\n\t\t","protected":false},"excerpt":{"rendered":"<p>Services We offer physiotherapy services for a wide range of health issues, as well as coaching. Book an appointment Physiotherapy for musculoskeletal [&hellip;]<\/p>\n","protected":false},"author":1,"featured_media":0,"parent":0,"menu_order":0,"comment_status":"closed","ping_status":"closed","template":"","meta":{"footnotes":""},"class_list":["post-1496","page","type-page","status-publish","hentry"],"_links":{"self":[{"href":"https:\/\/ulemistefusioteraapiakliinik.ee\/en\/wp-json\/wp\/v2\/pages\/1496","targetHints":{"allow":["GET"]}}],"collection":[{"href":"https:\/\/ulemistefusioteraapiakliinik.ee\/en\/wp-json\/wp\/v2\/pages"}],"about":[{"href":"https:\/\/ulemistefusioteraapiakliinik.ee\/en\/wp-json\/wp\/v2\/types\/page"}],"author":[{"embeddable":true,"href":"https:\/\/ulemistefusioteraapiakliinik.ee\/en\/wp-json\/wp\/v2\/users\/1"}],"replies":[{"embeddable":true,"href":"https:\/\/ulemistefusioteraapiakliinik.ee\/en\/wp-json\/wp\/v2\/comments?post=1496"}],"version-history":[{"count":5,"href":"https:\/\/ulemistefusioteraapiakliinik.ee\/en\/wp-json\/wp\/v2\/pages\/1496\/revisions"}],"predecessor-version":[{"id":1530,"href":"https:\/\/ulemistefusioteraapiakliinik.ee\/en\/wp-json\/wp\/v2\/pages\/1496\/revisions\/1530"}],"wp:attachment":[{"href":"https:\/\/ulemistefusioteraapiakliinik.ee\/en\/wp-json\/wp\/v2\/media?parent=1496"}],"curies":[{"name":"wp","href":"https:\/\/api.w.org\/{rel}","templated":true}]}}